{"id":21,"date":"2022-10-29T01:21:33","date_gmt":"2022-10-29T01:21:33","guid":{"rendered":"http:\/\/ondadigitalfm.es\/?page_id=21"},"modified":"2022-10-30T04:37:47","modified_gmt":"2022-10-30T04:37:47","slug":"acerca-de","status":"publish","type":"page","link":"http:\/\/ondadigitalfm.es\/?page_id=21","title":{"rendered":"Acerca de"},"content":{"rendered":"<p>Somos una emisora que desde hace 6 a\u00f1os venimos sirviendo buena radio,buena m\u00fasica y como no una programaci\u00f3n variada,con el animo de entretener a todo el mundo,sea del pa\u00eds que sea.<\/p>\n<p>Trabajamos para servir a todo el p\u00fablico que le guste un sonido top40 preparado para disfrutar un sonido comercial,y entreteneimiento a cualquier hora del d\u00eda con una radio f\u00f3rmula echa por gente cercana,y siempre cuidando el sonido de la radio al m\u00e1ximo.<\/p>\n<p>Hacemos la radio que at\u00ed te gusta y siempre est\u00e1mos dispuestos a ofrecerte m\u00e1s.<\/p>\n<p>ofertamos nuestro producto tanto en se\u00f1al modulada (FM) como en digital (internet). Para que nos tengas a tu disposici\u00f3n en cualquier dispositivo m\u00f3bil cumpliendo con los mayores estandares de calidad en sonido,y t\u00e9cnicos gracias a las mejores redes de cable.<\/p>\n<p>Queremos estar m\u00e1s cerca de t\u00ed y cada d\u00eda ser tu compa\u00f1\u00eda, ser tu radio de referencia.<\/p>\n<p>&nbsp;<\/p>\n<p>&nbsp;<\/p>\n","protected":false},"excerpt":{"rendered":"<p>Somos una emisora que desde hace 6 a\u00f1os venimos sirviendo buena radio,buena m\u00fasica y como no una programaci\u00f3n variada,con el animo de entretener a todo el mundo,sea del pa\u00eds que sea. Trabajamos para servir a todo el p\u00fablico que le guste un sonido top40 preparado para disfrutar un sonido comercial,y entreteneimiento a cualquier hora del [&hellip;]<\/p>\n","protected":false},"author":2,"featured_media":0,"parent":0,"menu_order":0,"comment_status":"closed","ping_status":"closed","template":"","meta":{"footnotes":""},"class_list":["post-21","page","type-page","status-publish","hentry"],"_links":{"self":[{"href":"http:\/\/ondadigitalfm.es\/index.php?rest_route=\/wp\/v2\/pages\/21","targetHints":{"allow":["GET"]}}],"collection":[{"href":"http:\/\/ondadigitalfm.es\/index.php?rest_route=\/wp\/v2\/pages"}],"about":[{"href":"http:\/\/ondadigitalfm.es\/index.php?rest_route=\/wp\/v2\/types\/page"}],"author":[{"embeddable":true,"href":"http:\/\/ondadigitalfm.es\/index.php?rest_route=\/wp\/v2\/users\/2"}],"replies":[{"embeddable":true,"href":"http:\/\/ondadigitalfm.es\/index.php?rest_route=%2Fwp%2Fv2%2Fcomments&post=21"}],"version-history":[{"count":4,"href":"http:\/\/ondadigitalfm.es\/index.php?rest_route=\/wp\/v2\/pages\/21\/revisions"}],"predecessor-version":[{"id":61,"href":"http:\/\/ondadigitalfm.es\/index.php?rest_route=\/wp\/v2\/pages\/21\/revisions\/61"}],"wp:attachment":[{"href":"http:\/\/ondadigitalfm.es\/index.php?rest_route=%2Fwp%2Fv2%2Fmedia&parent=21"}],"curies":[{"name":"wp","href":"https:\/\/api.w.org\/{rel}","templated":true}]}}